{"id":1549,"date":"2025-03-13T15:21:22","date_gmt":"2025-03-13T14:21:22","guid":{"rendered":"https:\/\/dreiblautest.com\/ah-logistik\/?page_id=1549"},"modified":"2025-04-10T16:21:44","modified_gmt":"2025-04-10T14:21:44","slug":"imprint","status":"publish","type":"page","link":"https:\/\/www.ah-logistik.de\/en\/imprint\/","title":{"rendered":"Imprint"},"content":{"rendered":"\t\t<div data-elementor-type=\"wp-page\" data-elementor-id=\"1549\" class=\"elementor elementor-1549 elementor-1356\" data-elementor-post-type=\"page\">\n\t\t\t\t<div class=\"elementor-element elementor-element-e58cc52 e-flex e-con-boxed wpr-particle-no wpr-jarallax-no wpr-parallax-no wpr-sticky-section-no wpr-column-slider-no wpr-equal-height-no e-con e-parent\" data-id=\"e58cc52\" data-element_type=\"container\" data-e-type=\"container\" data-settings=\"{&quot;background_background&quot;:&quot;classic&quot;}\">\n\t\t\t\t\t<div class=\"e-con-inner\">\n\t\t<div class=\"elementor-element elementor-element-5e0dfd5 e-con-full e-flex wpr-particle-no wpr-jarallax-no wpr-parallax-no wpr-sticky-section-no wpr-column-slider-no wpr-equal-height-no e-con e-child\" data-id=\"5e0dfd5\" data-element_type=\"container\" data-e-type=\"container\">\n\t\t\t\t<div class=\"elementor-element elementor-element-1ba8bf4 elementor-widget elementor-widget-html\" data-id=\"1ba8bf4\" data-element_type=\"widget\" data-e-type=\"widget\" data-widget_type=\"html.default\">\n\t\t\t\t<div class=\"elementor-widget-container\">\n\t\t\t\t\t<a href=\"tel:+499281821160\"><i class=\"iconfont icon-phone\" style=\"background-image: none;\"><svg xmlns=\"http:\/\/www.w3.org\/2000\/svg\" viewBox=\"0 0 500 500\"><path d=\"M484.16 354.794c-131.294-124.512-337.066-124.512-468.361 0-7.733 7.886-7.733 20.511 0 28.397l49.602 49.602a19.941 19.941 0 0 0 14.203 5.8 20.52 20.52 0 0 0 14.003-5.599 228.343 228.343 0 0 1 53.199-37.001 19.926 19.926 0 0 0 11.199-18V315.99a292.46 292.46 0 0 1 91.993-14.604 298.205 298.205 0 0 1 91.993 14.404v62.003a20.146 20.146 0 0 0 11.199 18 230.231 230.231 0 0 1 53.199 37.001 19.636 19.636 0 0 0 14.003 5.599 19.931 19.931 0 0 0 14.203-5.8l49.602-49.602c7.735-7.808 7.735-20.39 0-28.197h-.037zm-51.004-208.187L404.959 118.4l-71.198 70.998 28.197 28.207c-.001.001 69.004-70.406 71.198-70.998zM269.964 61.406h-39.997v99.996h39.997V61.406zm-131.999 156.2l28.197-28.197-70.989-71.208-28.407 28.407c2.204.6 71.199 70.998 71.199 70.998z\"><\/path><\/svg><\/i><\/a>\t\t\t\t<\/div>\n\t\t\t\t<\/div>\n\t\t\t\t<div class=\"elementor-element elementor-element-01d3d28 contact-us elementor-hidden-mobile elementor-widget elementor-widget-text-editor\" data-id=\"01d3d28\" data-element_type=\"widget\" data-e-type=\"widget\" data-widget_type=\"text-editor.default\">\n\t\t\t\t<div class=\"elementor-widget-container\">\n\t\t\t\t\t\t\t\t\t<p><a class=\"contact-us-phone\" href=\"tel:+499281821160\"><span class=\"hidden-xs\">+49 9281 82116-0<\/span><\/a><\/p>\t\t\t\t\t\t\t\t<\/div>\n\t\t\t\t<\/div>\n\t\t\t\t<\/div>\n\t\t<div class=\"elementor-element elementor-element-b4b08f5 e-con-full e-flex wpr-particle-no wpr-jarallax-no wpr-parallax-no wpr-sticky-section-no wpr-column-slider-no wpr-equal-height-no e-con e-child\" data-id=\"b4b08f5\" data-element_type=\"container\" data-e-type=\"container\">\n\t\t\t\t<div class=\"elementor-element elementor-element-2ece193 elementor-widget elementor-widget-html\" data-id=\"2ece193\" data-element_type=\"widget\" data-e-type=\"widget\" data-widget_type=\"html.default\">\n\t\t\t\t<div class=\"elementor-widget-container\">\n\t\t\t\t\t<div class=\"contact-us-divider\"><\/div>\t\t\t\t<\/div>\n\t\t\t\t<\/div>\n\t\t\t\t<\/div>\n\t\t<div class=\"elementor-element elementor-element-8f4abe2 e-con-full e-flex wpr-particle-no wpr-jarallax-no wpr-parallax-no wpr-sticky-section-no wpr-column-slider-no wpr-equal-height-no e-con e-child\" data-id=\"8f4abe2\" data-element_type=\"container\" data-e-type=\"container\">\n\t\t\t\t<div class=\"elementor-element elementor-element-ab61641 elementor-widget elementor-widget-html\" data-id=\"ab61641\" data-element_type=\"widget\" data-e-type=\"widget\" data-widget_type=\"html.default\">\n\t\t\t\t<div class=\"elementor-widget-container\">\n\t\t\t\t\t<a class=\"contact-us-email\" href=\"mailto:info@ah-logistik.de\"><i class=\"iconfont icon-mail\" style=\"background-image: none;\"><svg xmlns=\"http:\/\/www.w3.org\/2000\/svg\" viewBox=\"0 0 500 500\"><path d=\"M442.002 58.004H57.998c-26.435.081-47.806 21.563-47.752 47.998L10 393.999c.081 26.475 21.523 47.917 47.998 47.998h384.005c26.475-.081 47.917-21.523 47.998-47.998V106.001c-.082-26.474-21.524-47.916-47.999-47.997zm0 95.995L250 274.005 57.998 153.999v-47.998L250 226.007l192.002-120.006v47.998z\"><\/path><\/svg><\/i><\/a>\t\t\t\t<\/div>\n\t\t\t\t<\/div>\n\t\t\t\t<div class=\"elementor-element elementor-element-385bd23 contact-us elementor-hidden-mobile elementor-widget elementor-widget-text-editor\" data-id=\"385bd23\" data-element_type=\"widget\" data-e-type=\"widget\" data-widget_type=\"text-editor.default\">\n\t\t\t\t<div class=\"elementor-widget-container\">\n\t\t\t\t\t\t\t\t\t<p><a class=\"contact-us-email\" href=\"mailto:info@ah-logistik.de\"><span class=\"hidden-xs\">info@ah-logistik.de<\/span><\/a><\/p>\t\t\t\t\t\t\t\t<\/div>\n\t\t\t\t<\/div>\n\t\t\t\t<\/div>\n\t\t\t\t\t<\/div>\n\t\t\t\t<\/div>\n\t\t<div class=\"elementor-element elementor-element-45bcd8e e-flex e-con-boxed wpr-particle-no wpr-jarallax-no wpr-parallax-no wpr-sticky-section-no wpr-column-slider-no wpr-equal-height-no e-con e-parent\" data-id=\"45bcd8e\" data-element_type=\"container\" data-e-type=\"container\">\n\t\t\t\t\t<div class=\"e-con-inner\">\n\t\t\t\t<div class=\"elementor-element elementor-element-adc117a elementor-widget elementor-widget-image\" data-id=\"adc117a\" data-element_type=\"widget\" data-e-type=\"widget\" data-widget_type=\"image.default\">\n\t\t\t\t<div class=\"elementor-widget-container\">\n\t\t\t\t\t\t\t\t\t\t\t\t\t\t\t<img decoding=\"async\" width=\"76\" height=\"70\" src=\"https:\/\/www.ah-logistik.de\/wp-content\/uploads\/2025\/01\/lines.png\" class=\"attachment-large size-large wp-image-251\" alt=\"\" \/>\t\t\t\t\t\t\t\t\t\t\t\t\t\t\t<\/div>\n\t\t\t\t<\/div>\n\t\t<div class=\"elementor-element elementor-element-2858658 e-con-full e-flex wpr-particle-no wpr-jarallax-no wpr-parallax-no wpr-sticky-section-no wpr-column-slider-no wpr-equal-height-no e-con e-child\" data-id=\"2858658\" data-element_type=\"container\" data-e-type=\"container\">\n\t\t\t\t<div class=\"elementor-element elementor-element-1572bd2 elementor-widget elementor-widget-heading\" data-id=\"1572bd2\" data-element_type=\"widget\" data-e-type=\"widget\" data-widget_type=\"heading.default\">\n\t\t\t\t<div class=\"elementor-widget-container\">\n\t\t\t\t\t<h1 class=\"elementor-heading-title elementor-size-default\">Site notice<\/h1>\t\t\t\t<\/div>\n\t\t\t\t<\/div>\n\t\t\t\t<div class=\"elementor-element elementor-element-48204ee sub elementor-widget elementor-widget-text-editor\" data-id=\"48204ee\" data-element_type=\"widget\" data-e-type=\"widget\" data-widget_type=\"text-editor.default\">\n\t\t\t\t<div class=\"elementor-widget-container\">\n\t\t\t\t\t\t\t\t\t<div id=\"c73\" class=\"frame\"><header class=\"header-with-skew\">\n<div id=\"c154\" class=\"frame\"><header class=\"header-with-skew\">\n<div id=\"c555\" class=\"frame\"><header class=\"header-with-skew\">\n<p class=\"sub for-h1 \">Information pursuant to Sect. 5 German Telemedia Act (TMG)<\/p>\n<\/header><\/div>\n<\/header><\/div>\n<\/header><\/div>\t\t\t\t\t\t\t\t<\/div>\n\t\t\t\t<\/div>\n\t\t\t\t<\/div>\n\t\t\t\t\t<\/div>\n\t\t\t\t<\/div>\n\t\t<div class=\"elementor-element elementor-element-9249cd9 e-flex e-con-boxed wpr-particle-no wpr-jarallax-no wpr-parallax-no wpr-sticky-section-no wpr-column-slider-no wpr-equal-height-no e-con e-parent\" data-id=\"9249cd9\" data-element_type=\"container\" data-e-type=\"container\">\n\t\t\t\t\t<div class=\"e-con-inner\">\n\t\t\t\t<div class=\"elementor-element elementor-element-3ab27ff elementor-widget elementor-widget-text-editor\" data-id=\"3ab27ff\" data-element_type=\"widget\" data-e-type=\"widget\" data-widget_type=\"text-editor.default\">\n\t\t\t\t<div class=\"elementor-widget-container\">\n\t\t\t\t\t\t\t\t\t<div id=\"c664\" class=\"frame\">\n<p><strong>A+H GmbH<\/strong><br \/>Eppenreuther Str. 121<br \/>95032 Hof<\/p>\n<p>Commercial Register: HRB 4250<br \/>Registration court: Amtsgericht Hof<\/p>\n<p><strong>Represented by:<\/strong><br \/>Ertan D\u00f6nmez, Gesch\u00e4ftsf\u00fchrer<br \/>Ali D\u00f6nmez, Prokurist<\/p>\n<h4>Contact<\/h4>\n<p>Phone: +49 9281 82116-0<br \/>Fax: +49 9281 82116-50<br \/>E-Mail:\u00a0<a title=\"Send an email to info@ah-logistik.de\">info@ah-logistik.<span class=\"sr-only\">L\u00d6SCHEN.<\/span>de<\/a><\/p>\n<p>VAT ID<\/p>\n<p>Sales tax identification number according to Sect. 27 a of the Sales Tax Law:<br \/>DE 256 056 979<\/p>\n<p>Responsible for the content according to Sect. 55, paragraph 2 RStV<\/p>\n<p>A+H GmbH<br \/>Ertan D\u00f6nmez, Gesch\u00e4ftsf\u00fchrer<br \/>Ali D\u00f6nmez, Prokurist<br \/><br \/>Eppenreuther Str. 121<br \/>95032 Hof<\/p>\n<h3>EU dispute resolution<\/h3>\n<p>The European Commission provides a platform for online dispute resolution (ODR):\u00a0<a href=\"https:\/\/ec.europa.eu\/consumers\/odr\" target=\"_blank\" rel=\"noopener noreferrer\">https:\/\/ec.europa.eu\/consumers\/odr<\/a>.<br \/>Our e-mail address can be found above in the site notice.<\/p>\n<p>Dispute resolution proceedings in front of a consumer arbitration board<\/p>\n<p>We are not willing or obliged to participate in dispute resolution proceedings in front of a consumer arbitration board.<\/p>\n<h3>Liability for Contents<\/h3>\n<p>As service providers, we are liable for own contents of these websites according to Paragraph 7, Sect. 1 German Telemedia Act (TMG). However, according to Paragraphs 8 to 10 German Telemedia Act (TMG), service providers are not obligated to permanently monitor submitted or stored information or to search for evidences that indicate illegal activities.<\/p>\n<p>Legal obligations to removing information or to blocking the use of information remain unchallenged. In this case, liability is only possible at the time of knowledge about a specific violation of law. Illegal contents will be removed immediately at the time we get knowledge of them.<\/p>\n<h3>Liability for Links<\/h3>\n<p>Our offer includes links to external third party websites. We have no influence on the contents of those websites, therefore we cannot guarantee for those contents. Providers or administrators of linked websites are always responsible for their own contents.<\/p>\n<p>The linked websites had been checked for possible violations of law at the time of the establishment of the link. Illegal contents were not detected at the time of the linking. A permanent monitoring of the contents of linked websites cannot be imposed without reasonable indications that there has been a violation of law. Illegal links will be removed immediately at the time we get knowledge of them.<\/p>\n<h3>Copyright<\/h3>\n<p>Contents and compilations published on these websites by the providers are subject to German copyright laws. Reproduction, editing, distribution as well as the use of any kind outside the scope of the copyright law require a written permission of the author or originator. Downloads and copies of these websites are permitted for private use only.<br \/>The commercial use of our contents without permission of the originator is prohibited.<\/p>\n<p>Copyright laws of third parties are respected as long as the contents on these websites do not originate from the provider. Contributions of third parties on this site are indicated as such. However, if you notice any violations of copyright law, please inform us. Such contents will be removed immediately.<\/p>\n<\/div>\t\t\t\t\t\t\t\t<\/div>\n\t\t\t\t<\/div>\n\t\t\t\t\t<\/div>\n\t\t\t\t<\/div>\n\t\t\t\t<\/div>\n\t\t","protected":false},"excerpt":{"rendered":"<p>+49 9281 82116-0 info@ah-logistik.de Site notice Information pursuant to Sect. 5 German Telemedia Act (TMG) A+H GmbHEppenreuther Str. 12195032 Hof Commercial Register: HRB 4250Registration court: Amtsgericht Hof Represented by:Ertan D\u00f6nmez, Gesch\u00e4ftsf\u00fchrerAli D\u00f6nmez, Prokurist Contact Phone: +49 9281 82116-0Fax: +49 9281 82116-50E-Mail:\u00a0info@ah-logistik.L\u00d6SCHEN.de VAT ID Sales tax identification number according to Sect. 27 a of the Sales Tax Law:DE 256 056 979 Responsible for the content according to Sect. 55, paragraph 2 RStV A+H GmbHErtan D\u00f6nmez, Gesch\u00e4ftsf\u00fchrerAli D\u00f6nmez, Prokurist Eppenreuther Str. 12195032 Hof EU dispute resolution The European Commission provides a platform for online dispute resolution (ODR):\u00a0https:\/\/ec.europa.eu\/consumers\/odr.Our e-mail address can be found above in the site notice. Dispute resolution proceedings in front of a consumer arbitration board We are not willing or obliged to participate in dispute resolution proceedings in front of a consumer arbitration board. Liability for Contents As service providers, we are liable for own contents of these websites according to Paragraph 7, Sect. 1 German Telemedia Act (TMG). However, according to Paragraphs 8 to 10 German Telemedia Act (TMG), service providers are not obligated to permanently monitor submitted or stored information or to search for evidences that indicate illegal activities. Legal obligations to removing information or to blocking the use of information remain unchallenged. In this case, liability is only possible at the time of knowledge about a specific violation of law. Illegal contents will be removed immediately at the time we get knowledge of them. Liability for Links Our offer includes links to external third party websites. We have no influence on the contents of those websites, therefore we cannot guarantee for those contents. Providers or administrators of linked websites are always responsible for their own contents. The linked websites had been checked for possible violations of law at the time of the establishment of the link. Illegal contents were not detected at the time of the linking. A permanent monitoring of the contents of linked websites cannot be imposed without reasonable indications that there has been a violation of law. Illegal links will be removed immediately at the time we get knowledge of them. Copyright Contents and compilations published on these websites by the providers are subject to German copyright laws. Reproduction, editing, distribution as well as the use of any kind outside the scope of the copyright law require a written permission of the author or originator. Downloads and copies of these websites are permitted for private use only.The commercial use of our contents without permission of the originator is prohibited. Copyright laws of third parties are respected as long as the contents on these websites do not originate from the provider. Contributions of third parties on this site are indicated as such. However, if you notice any violations of copyright law, please inform us. Such contents will be removed immediately.<\/p>\n","protected":false},"author":1,"featured_media":0,"parent":0,"menu_order":0,"comment_status":"closed","ping_status":"closed","template":"","meta":{"_acf_changed":false,"footnotes":""},"class_list":["post-1549","page","type-page","status-publish","hentry"],"acf":[],"_links":{"self":[{"href":"https:\/\/www.ah-logistik.de\/en\/wp-json\/wp\/v2\/pages\/1549","targetHints":{"allow":["GET"]}}],"collection":[{"href":"https:\/\/www.ah-logistik.de\/en\/wp-json\/wp\/v2\/pages"}],"about":[{"href":"https:\/\/www.ah-logistik.de\/en\/wp-json\/wp\/v2\/types\/page"}],"author":[{"embeddable":true,"href":"https:\/\/www.ah-logistik.de\/en\/wp-json\/wp\/v2\/users\/1"}],"replies":[{"embeddable":true,"href":"https:\/\/www.ah-logistik.de\/en\/wp-json\/wp\/v2\/comments?post=1549"}],"version-history":[{"count":12,"href":"https:\/\/www.ah-logistik.de\/en\/wp-json\/wp\/v2\/pages\/1549\/revisions"}],"predecessor-version":[{"id":2257,"href":"https:\/\/www.ah-logistik.de\/en\/wp-json\/wp\/v2\/pages\/1549\/revisions\/2257"}],"wp:attachment":[{"href":"https:\/\/www.ah-logistik.de\/en\/wp-json\/wp\/v2\/media?parent=1549"}],"curies":[{"name":"wp","href":"https:\/\/api.w.org\/{rel}","templated":true}]}}