{"id":1571,"date":"2025-03-13T15:31:28","date_gmt":"2025-03-13T14:31:28","guid":{"rendered":"https:\/\/dreiblautest.com\/ah-logistik\/?page_id=1571"},"modified":"2025-03-31T12:08:10","modified_gmt":"2025-03-31T10:08:10","slug":"whistleblowing","status":"publish","type":"page","link":"https:\/\/www.ah-logistik.de\/en\/whistleblowing\/","title":{"rendered":"Whistleblowing"},"content":{"rendered":"\t\t<div data-elementor-type=\"wp-page\" data-elementor-id=\"1571\" class=\"elementor elementor-1571 elementor-1391\" data-elementor-post-type=\"page\">\n\t\t\t\t<div class=\"elementor-element elementor-element-f6f384e e-con-full e-flex wpr-particle-no wpr-jarallax-no wpr-parallax-no wpr-sticky-section-no wpr-equal-height-no e-con e-parent\" data-id=\"f6f384e\" data-element_type=\"container\" data-e-type=\"container\" data-settings=\"{&quot;background_background&quot;:&quot;classic&quot;}\">\n\t\t\t\t<\/div>\n\t\t<div class=\"elementor-element elementor-element-61c23b4 e-flex e-con-boxed wpr-particle-no wpr-jarallax-no wpr-parallax-no wpr-sticky-section-no wpr-equal-height-no e-con e-parent\" data-id=\"61c23b4\" data-element_type=\"container\" data-e-type=\"container\" data-settings=\"{&quot;background_background&quot;:&quot;classic&quot;}\">\n\t\t\t\t\t<div class=\"e-con-inner\">\n\t\t<div class=\"elementor-element elementor-element-e6bdc16 e-con-full e-flex wpr-particle-no wpr-jarallax-no wpr-parallax-no wpr-sticky-section-no wpr-equal-height-no e-con e-child\" data-id=\"e6bdc16\" data-element_type=\"container\" data-e-type=\"container\">\n\t\t\t\t<div class=\"elementor-element elementor-element-9bb3663 elementor-widget elementor-widget-html\" data-id=\"9bb3663\" data-element_type=\"widget\" data-e-type=\"widget\" data-widget_type=\"html.default\">\n\t\t\t\t<div class=\"elementor-widget-container\">\n\t\t\t\t\t<a href=\"tel:+499281821160\"><i class=\"iconfont icon-phone\" style=\"background-image: none;\"><svg xmlns=\"http:\/\/www.w3.org\/2000\/svg\" viewBox=\"0 0 500 500\"><path d=\"M484.16 354.794c-131.294-124.512-337.066-124.512-468.361 0-7.733 7.886-7.733 20.511 0 28.397l49.602 49.602a19.941 19.941 0 0 0 14.203 5.8 20.52 20.52 0 0 0 14.003-5.599 228.343 228.343 0 0 1 53.199-37.001 19.926 19.926 0 0 0 11.199-18V315.99a292.46 292.46 0 0 1 91.993-14.604 298.205 298.205 0 0 1 91.993 14.404v62.003a20.146 20.146 0 0 0 11.199 18 230.231 230.231 0 0 1 53.199 37.001 19.636 19.636 0 0 0 14.003 5.599 19.931 19.931 0 0 0 14.203-5.8l49.602-49.602c7.735-7.808 7.735-20.39 0-28.197h-.037zm-51.004-208.187L404.959 118.4l-71.198 70.998 28.197 28.207c-.001.001 69.004-70.406 71.198-70.998zM269.964 61.406h-39.997v99.996h39.997V61.406zm-131.999 156.2l28.197-28.197-70.989-71.208-28.407 28.407c2.204.6 71.199 70.998 71.199 70.998z\"><\/path><\/svg><\/i><\/a>\t\t\t\t<\/div>\n\t\t\t\t<\/div>\n\t\t\t\t<div class=\"elementor-element elementor-element-b4d67d9 contact-us elementor-hidden-mobile elementor-widget elementor-widget-text-editor\" data-id=\"b4d67d9\" data-element_type=\"widget\" data-e-type=\"widget\" data-widget_type=\"text-editor.default\">\n\t\t\t\t<div class=\"elementor-widget-container\">\n\t\t\t\t\t\t\t\t\t<p><a class=\"contact-us-phone\" href=\"tel:+499281821160\"><span class=\"hidden-xs\">+49 9281 82116-0<\/span><\/a><\/p>\t\t\t\t\t\t\t\t<\/div>\n\t\t\t\t<\/div>\n\t\t\t\t<\/div>\n\t\t<div class=\"elementor-element elementor-element-a1fc351 e-con-full e-flex wpr-particle-no wpr-jarallax-no wpr-parallax-no wpr-sticky-section-no wpr-equal-height-no e-con e-child\" data-id=\"a1fc351\" data-element_type=\"container\" data-e-type=\"container\">\n\t\t\t\t<div class=\"elementor-element elementor-element-835c152 elementor-widget elementor-widget-html\" data-id=\"835c152\" data-element_type=\"widget\" data-e-type=\"widget\" data-widget_type=\"html.default\">\n\t\t\t\t<div class=\"elementor-widget-container\">\n\t\t\t\t\t<div class=\"contact-us-divider\"><\/div>\t\t\t\t<\/div>\n\t\t\t\t<\/div>\n\t\t\t\t<\/div>\n\t\t<div class=\"elementor-element elementor-element-e9050d9 e-con-full e-flex wpr-particle-no wpr-jarallax-no wpr-parallax-no wpr-sticky-section-no wpr-equal-height-no e-con e-child\" data-id=\"e9050d9\" data-element_type=\"container\" data-e-type=\"container\">\n\t\t\t\t<div class=\"elementor-element elementor-element-2f084c8 elementor-widget elementor-widget-html\" data-id=\"2f084c8\" data-element_type=\"widget\" data-e-type=\"widget\" data-widget_type=\"html.default\">\n\t\t\t\t<div class=\"elementor-widget-container\">\n\t\t\t\t\t<a class=\"contact-us-email\" href=\"mailto:info@ah-logistik.de\"><i class=\"iconfont icon-mail\" style=\"background-image: none;\"><svg xmlns=\"http:\/\/www.w3.org\/2000\/svg\" viewBox=\"0 0 500 500\"><path d=\"M442.002 58.004H57.998c-26.435.081-47.806 21.563-47.752 47.998L10 393.999c.081 26.475 21.523 47.917 47.998 47.998h384.005c26.475-.081 47.917-21.523 47.998-47.998V106.001c-.082-26.474-21.524-47.916-47.999-47.997zm0 95.995L250 274.005 57.998 153.999v-47.998L250 226.007l192.002-120.006v47.998z\"><\/path><\/svg><\/i><\/a>\t\t\t\t<\/div>\n\t\t\t\t<\/div>\n\t\t\t\t<div class=\"elementor-element elementor-element-e94ab25 contact-us elementor-hidden-mobile elementor-widget elementor-widget-text-editor\" data-id=\"e94ab25\" data-element_type=\"widget\" data-e-type=\"widget\" data-widget_type=\"text-editor.default\">\n\t\t\t\t<div class=\"elementor-widget-container\">\n\t\t\t\t\t\t\t\t\t<p><a class=\"contact-us-email\" href=\"mailto:info@ah-logistik.de\"><span class=\"hidden-xs\">info@ah-logistik.de<\/span><\/a><\/p>\t\t\t\t\t\t\t\t<\/div>\n\t\t\t\t<\/div>\n\t\t\t\t<\/div>\n\t\t\t\t\t<\/div>\n\t\t\t\t<\/div>\n\t\t<div class=\"elementor-element elementor-element-82a08c7 e-flex e-con-boxed wpr-particle-no wpr-jarallax-no wpr-parallax-no wpr-sticky-section-no wpr-equal-height-no e-con e-parent\" data-id=\"82a08c7\" data-element_type=\"container\" data-e-type=\"container\">\n\t\t\t\t\t<div class=\"e-con-inner\">\n\t\t\t\t<div class=\"elementor-element elementor-element-9a58d69 elementor-widget elementor-widget-image\" data-id=\"9a58d69\" data-element_type=\"widget\" data-e-type=\"widget\" data-widget_type=\"image.default\">\n\t\t\t\t<div class=\"elementor-widget-container\">\n\t\t\t\t\t\t\t\t\t\t\t\t\t\t\t<img decoding=\"async\" width=\"76\" height=\"70\" src=\"https:\/\/www.ah-logistik.de\/wp-content\/uploads\/2025\/01\/lines.png\" class=\"attachment-large size-large wp-image-251\" alt=\"\" \/>\t\t\t\t\t\t\t\t\t\t\t\t\t\t\t<\/div>\n\t\t\t\t<\/div>\n\t\t<div class=\"elementor-element elementor-element-3d0ff24 e-con-full e-flex wpr-particle-no wpr-jarallax-no wpr-parallax-no wpr-sticky-section-no wpr-equal-height-no e-con e-child\" data-id=\"3d0ff24\" data-element_type=\"container\" data-e-type=\"container\">\n\t\t\t\t<div class=\"elementor-element elementor-element-c6f188c elementor-widget elementor-widget-heading\" data-id=\"c6f188c\" data-element_type=\"widget\" data-e-type=\"widget\" data-widget_type=\"heading.default\">\n\t\t\t\t<div class=\"elementor-widget-container\">\n\t\t\t\t\t<h1 class=\"elementor-heading-title elementor-size-default\">Whistleblowing<\/h1>\t\t\t\t<\/div>\n\t\t\t\t<\/div>\n\t\t\t\t<div class=\"elementor-element elementor-element-5849cce elementor-widget elementor-widget-text-editor\" data-id=\"5849cce\" data-element_type=\"widget\" data-e-type=\"widget\" data-widget_type=\"text-editor.default\">\n\t\t\t\t<div class=\"elementor-widget-container\">\n\t\t\t\t\t\t\t\t\t<div id=\"c1638\" class=\"frame\"><header class=\"header-with-skew\"><div id=\"c1647\" class=\"frame\"><header class=\"header-with-skew\"><p class=\"sub for-h1 \">In accordance to Hinweisgeberschutzgesetz \u2013 HinSchG<\/p><\/header><\/div><\/header><\/div>\t\t\t\t\t\t\t\t<\/div>\n\t\t\t\t<\/div>\n\t\t\t\t<\/div>\n\t\t\t\t\t<\/div>\n\t\t\t\t<\/div>\n\t\t<div class=\"elementor-element elementor-element-45ed810 e-flex e-con-boxed wpr-particle-no wpr-jarallax-no wpr-parallax-no wpr-sticky-section-no wpr-equal-height-no e-con e-parent\" data-id=\"45ed810\" data-element_type=\"container\" data-e-type=\"container\">\n\t\t\t\t\t<div class=\"e-con-inner\">\n\t\t\t\t<div class=\"elementor-element elementor-element-7ec5e12 elementor-widget elementor-widget-text-editor\" data-id=\"7ec5e12\" data-element_type=\"widget\" data-e-type=\"widget\" data-widget_type=\"text-editor.default\">\n\t\t\t\t<div class=\"elementor-widget-container\">\n\t\t\t\t\t\t\t\t\t<section id=\"c1636\" class=\"bg-white frame-space-after-small\"><div class=\"container\"><div id=\"c1638\" class=\"frame\"><header class=\"header-with-skew\"><p class=\"sub for-h1 \">gem\u00e4\u00df Hinweisgeberschutzgesetz \u2013 HinSchG<\/p><\/header><\/div><div id=\"c1637\" class=\"frame\"><p>Willkommen auf unserer Informationsplattform zum Hinweisgeberschutzgesetz (HinSchG). Dieses Gesetz, auch bekannt als Whistleblower-Schutzgesetz, wurde entwickelt, um Personen, die Hinweise auf Verst\u00f6\u00dfe gegen das Gesetz melden, angemessenen Schutz zu bieten.<\/p><p>Als A+H GmbH legen wir gro\u00dfen Wert auf Integrit\u00e4t und die Einhaltung gesetzlicher Bestimmungen.<\/p><p>Wir sch\u00e4tzen Hinweise als wichtigen Beitrag zur Aufrechterhaltung einer verantwortungsbewussten und rechtschaffenen Arbeitsumgebung. Wenn Sie Kenntnis von m\u00f6glichen Verst\u00f6\u00dfen haben, ermutigen wir Sie, diese Informationen gem\u00e4\u00df den Bestimmungen des Hinweisgeberschutzgesetzes zu melden.<\/p><\/div><div id=\"c1639\" class=\"frame\"><header class=\"\"><header class=\"\"><h3 class=\"\">Information on how we handle your data<\/h3><\/header><\/header><p>Das Hinweisgeberschutzgesetz gew\u00e4hrt Hinweisgebern spezifische Rechte und Schutzma\u00dfnahmen, um ihre Identit\u00e4t zu wahren und vor m\u00f6glichen Repressalien zu sch\u00fctzen. Wir verpflichten uns, alle Hinweise vertraulich zu behandeln und sicherzustellen, dass keine Diskriminierung oder Vergeltungsma\u00dfnahmen gegen\u00fcber Hinweisgebern ergriffen werden.<\/p><p>Alle gemeldeten Informationen werden gem\u00e4\u00df den geltenden Datenschutzbestimmungen verarbeitet und gesch\u00fctzt. Wir respektieren die Privatsph\u00e4re unserer Hinweisgeber und handeln im Einklang mit den gesetzlichen Anforderungen.<\/p><\/div><div id=\"c1640\" class=\"frame\"><header class=\"\"><header class=\"\"><h3 class=\"\">Further information<\/h3><\/header><\/header><ul><li>Sie k\u00f6nnen Hinweise hier per Mail melden:\u00a0<a title=\"Hinweisgeber\">hinweisgeber@ah-logistik.<span class=\"sr-only\">L\u00d6SCHEN.<\/span>de<\/a><\/li><li>Sie k\u00f6nnen das Formular benutzen um uns eine anonyme Nachricht zu schicken (siehe weiter unten)<\/li><li>Sie k\u00f6nnen uns telefonisch erreichen unter: +49 9281 82116-70<\/li><li>Sie k\u00f6nnen unseren Briefkasten am A+H Tor nutzen.<\/li><\/ul><\/div><\/div><\/section><section id=\"c1641\" class=\"bg-grey frame-space-before-small frame-space-after-small\"><div class=\"container\"><div id=\"c1645\" class=\"frame frame-space-before-small\">\u00a0<\/div><\/div><\/section>\t\t\t\t\t\t\t\t<\/div>\n\t\t\t\t<\/div>\n\t\t\t\t\t<\/div>\n\t\t\t\t<\/div>\n\t\t<div class=\"elementor-element elementor-element-d88ad24 e-flex e-con-boxed wpr-particle-no wpr-jarallax-no wpr-parallax-no wpr-sticky-section-no wpr-equal-height-no e-con e-parent\" data-id=\"d88ad24\" data-element_type=\"container\" data-e-type=\"container\" data-settings=\"{&quot;background_background&quot;:&quot;classic&quot;}\">\n\t\t\t\t\t<div class=\"e-con-inner\">\n\t\t\t\t<div class=\"elementor-element elementor-element-e32d9ec elementor-widget elementor-widget-image\" data-id=\"e32d9ec\" data-element_type=\"widget\" data-e-type=\"widget\" data-widget_type=\"image.default\">\n\t\t\t\t<div class=\"elementor-widget-container\">\n\t\t\t\t\t\t\t\t\t\t\t\t\t\t\t<img decoding=\"async\" width=\"61\" height=\"37\" src=\"https:\/\/www.ah-logistik.de\/wp-content\/uploads\/2025\/01\/rgray.png\" class=\"attachment-large size-large wp-image-403\" alt=\"\" \/>\t\t\t\t\t\t\t\t\t\t\t\t\t\t\t<\/div>\n\t\t\t\t<\/div>\n\t\t<div class=\"elementor-element elementor-element-c703cd5 e-con-full e-flex wpr-particle-no wpr-jarallax-no wpr-parallax-no wpr-sticky-section-no wpr-equal-height-no e-con e-child\" data-id=\"c703cd5\" data-element_type=\"container\" data-e-type=\"container\">\n\t\t\t\t<div class=\"elementor-element elementor-element-6c74a86 elementor-widget elementor-widget-heading\" data-id=\"6c74a86\" data-element_type=\"widget\" data-e-type=\"widget\" data-widget_type=\"heading.default\">\n\t\t\t\t<div class=\"elementor-widget-container\">\n\t\t\t\t\t<h1 class=\"elementor-heading-title elementor-size-default\">Contact person\n<\/h1>\t\t\t\t<\/div>\n\t\t\t\t<\/div>\n\t\t\t\t<\/div>\n\t\t\t\t\t<\/div>\n\t\t\t\t<\/div>\n\t\t<div class=\"elementor-element elementor-element-5c0cc3c e-flex e-con-boxed wpr-particle-no wpr-jarallax-no wpr-parallax-no wpr-sticky-section-no wpr-equal-height-no e-con e-parent\" data-id=\"5c0cc3c\" data-element_type=\"container\" data-e-type=\"container\" data-settings=\"{&quot;background_background&quot;:&quot;classic&quot;}\">\n\t\t\t\t\t<div class=\"e-con-inner\">\n\t\t\t\t<div class=\"elementor-element elementor-element-a4ba9ae elementor-widget elementor-widget-text-editor\" data-id=\"a4ba9ae\" data-element_type=\"widget\" data-e-type=\"widget\" data-widget_type=\"text-editor.default\">\n\t\t\t\t<div class=\"elementor-widget-container\">\n\t\t\t\t\t\t\t\t\t<p><strong>David Geier<\/strong><\/p><p>Eppenreuther Str. 121<br \/>95032 Hof<\/p><p>Phone: <a href=\"tel:+4992818211670\">+49 9281 82116-70<\/a><br \/>E-Mail:\u00a0<a>hinweisgeber@ah-logistik.de<\/a><\/p>\t\t\t\t\t\t\t\t<\/div>\n\t\t\t\t<\/div>\n\t\t\t\t\t<\/div>\n\t\t\t\t<\/div>\n\t\t<div class=\"elementor-element elementor-element-7c02fa6 e-flex e-con-boxed wpr-particle-no wpr-jarallax-no wpr-parallax-no wpr-sticky-section-no wpr-equal-height-no e-con e-parent\" data-id=\"7c02fa6\" data-element_type=\"container\" data-e-type=\"container\" data-settings=\"{&quot;background_background&quot;:&quot;classic&quot;}\">\n\t\t\t\t\t<div class=\"e-con-inner\">\n\t\t\t\t<div class=\"elementor-element elementor-element-3cca55d elementor-widget elementor-widget-image\" data-id=\"3cca55d\" data-element_type=\"widget\" data-e-type=\"widget\" data-widget_type=\"image.default\">\n\t\t\t\t<div class=\"elementor-widget-container\">\n\t\t\t\t\t\t\t\t\t\t\t\t\t\t\t<img decoding=\"async\" width=\"61\" height=\"37\" src=\"https:\/\/www.ah-logistik.de\/wp-content\/uploads\/2025\/01\/rgray.png\" class=\"attachment-large size-large wp-image-403\" alt=\"\" \/>\t\t\t\t\t\t\t\t\t\t\t\t\t\t\t<\/div>\n\t\t\t\t<\/div>\n\t\t<div class=\"elementor-element elementor-element-916535a e-con-full e-flex wpr-particle-no wpr-jarallax-no wpr-parallax-no wpr-sticky-section-no wpr-equal-height-no e-con e-child\" data-id=\"916535a\" data-element_type=\"container\" data-e-type=\"container\">\n\t\t\t\t<div class=\"elementor-element elementor-element-9371c27 elementor-widget elementor-widget-heading\" data-id=\"9371c27\" data-element_type=\"widget\" data-e-type=\"widget\" data-widget_type=\"heading.default\">\n\t\t\t\t<div class=\"elementor-widget-container\">\n\t\t\t\t\t<h1 class=\"elementor-heading-title elementor-size-default\">Please feel free to write to us\n<\/h1>\t\t\t\t<\/div>\n\t\t\t\t<\/div>\n\t\t\t\t<\/div>\n\t\t\t\t\t<\/div>\n\t\t\t\t<\/div>\n\t\t<div class=\"elementor-element elementor-element-f4efb81 e-flex e-con-boxed wpr-particle-no wpr-jarallax-no wpr-parallax-no wpr-sticky-section-no wpr-equal-height-no e-con e-parent\" data-id=\"f4efb81\" data-element_type=\"container\" data-e-type=\"container\">\n\t\t\t\t\t<div class=\"e-con-inner\">\n\t\t\t\t<div class=\"elementor-element elementor-element-f94a4ba elementor-widget elementor-widget-shortcode\" data-id=\"f94a4ba\" data-element_type=\"widget\" data-e-type=\"widget\" data-widget_type=\"shortcode.default\">\n\t\t\t\t<div class=\"elementor-widget-container\">\n\t\t\t\t\t\t\t<div class=\"elementor-shortcode\">\n<div class=\"wpcf7 no-js\" id=\"wpcf7-f1577-o1\" lang=\"en-US\" dir=\"ltr\" data-wpcf7-id=\"1577\">\n<div class=\"screen-reader-response\"><p role=\"status\" aria-live=\"polite\" aria-atomic=\"true\"><\/p> <ul><\/ul><\/div>\n<form action=\"\/en\/wp-json\/wp\/v2\/pages\/1571#wpcf7-f1577-o1\" method=\"post\" class=\"wpcf7-form init\" aria-label=\"Contact form\" novalidate=\"novalidate\" data-status=\"init\">\n<fieldset class=\"hidden-fields-container\"><input type=\"hidden\" name=\"_wpcf7\" value=\"1577\" \/><input type=\"hidden\" name=\"_wpcf7_version\" value=\"6.1.5\" \/><input type=\"hidden\" name=\"_wpcf7_locale\" value=\"en_US\" \/><input type=\"hidden\" name=\"_wpcf7_unit_tag\" value=\"wpcf7-f1577-o1\" \/><input type=\"hidden\" name=\"_wpcf7_container_post\" value=\"0\" \/><input type=\"hidden\" name=\"_wpcf7_posted_data_hash\" value=\"\" \/><input type=\"hidden\" name=\"_wpcf7cf_hidden_group_fields\" value=\"[]\" \/><input type=\"hidden\" name=\"_wpcf7cf_hidden_groups\" value=\"[]\" \/><input type=\"hidden\" name=\"_wpcf7cf_visible_groups\" value=\"[]\" \/><input type=\"hidden\" name=\"_wpcf7cf_repeaters\" value=\"[]\" \/><input type=\"hidden\" name=\"_wpcf7cf_steps\" value=\"{}\" \/><input type=\"hidden\" name=\"_wpcf7cf_options\" value=\"{&quot;form_id&quot;:1577,&quot;conditions&quot;:[],&quot;settings&quot;:{&quot;animation&quot;:&quot;yes&quot;,&quot;animation_intime&quot;:200,&quot;animation_outtime&quot;:200,&quot;conditions_ui&quot;:&quot;normal&quot;,&quot;notice_dismissed&quot;:false,&quot;notice_dismissed_update-cf7-6.1&quot;:true}}\" \/><input type=\"hidden\" name=\"_wpcf7_recaptcha_response\" value=\"\" \/>\n<\/fieldset>\n<p><label> First name *<br \/>\n<span class=\"wpcf7-form-control-wrap\" data-name=\"vorname\"><input size=\"40\" maxlength=\"400\" class=\"wpcf7-form-control wpcf7-text wpcf7-validates-as-required\" aria-required=\"true\" aria-invalid=\"false\" value=\"\" type=\"text\" name=\"vorname\" \/><\/span> <\/label>\n<\/p>\n<p><label> Name *<br \/>\n<span class=\"wpcf7-form-control-wrap\" data-name=\"txtname\"><input size=\"40\" maxlength=\"400\" class=\"wpcf7-form-control wpcf7-text wpcf7-validates-as-required\" aria-required=\"true\" aria-invalid=\"false\" value=\"\" type=\"text\" name=\"txtname\" \/><\/span> <\/label>\n<\/p>\n<p><label> E-Mail *<br \/>\n<span class=\"wpcf7-form-control-wrap\" data-name=\"email\"><input size=\"40\" maxlength=\"400\" class=\"wpcf7-form-control wpcf7-email wpcf7-validates-as-required wpcf7-text wpcf7-validates-as-email\" aria-required=\"true\" aria-invalid=\"false\" value=\"\" type=\"email\" name=\"email\" \/><\/span> <\/label>\n<\/p>\n<p><label> Phone<br \/>\n<span class=\"wpcf7-form-control-wrap\" data-name=\"telefon\"><input size=\"40\" maxlength=\"400\" class=\"wpcf7-form-control wpcf7-tel wpcf7-text wpcf7-validates-as-tel\" aria-invalid=\"false\" value=\"\" type=\"tel\" name=\"telefon\" \/><\/span> <\/label>\n<\/p>\n<p><label> Message<br \/>\n<span class=\"wpcf7-form-control-wrap\" data-name=\"nachricht\"><textarea cols=\"40\" rows=\"10\" maxlength=\"2000\" class=\"wpcf7-form-control wpcf7-textarea\" aria-invalid=\"false\" name=\"nachricht\"><\/textarea><\/span> <\/label>\n<\/p>\n<p><label><br \/>\n<span class=\"wpcf7-form-control-wrap\" data-name=\"legal\"><span class=\"wpcf7-form-control wpcf7-acceptance\"><span class=\"wpcf7-list-item\"><label><input type=\"checkbox\" name=\"legal\" value=\"1\" aria-invalid=\"false\" \/><span class=\"wpcf7-list-item-label\">Yes, I have read the data protection declaration and agree that the data I have provided will be collected and stored electronically. My data will only be used strictly for the purpose of processing and answering my request. By sending the contact form, I agree to the processing *<br><a target=\"_blank\" href=\"\/ah-logistik\/en\/privacy-policy\/\">Privacy Policy<\/a><\/span><\/label><\/span><\/span><\/span> <\/label>\n<\/p>\n<p><input class=\"wpcf7-form-control wpcf7-submit has-spinner\" type=\"submit\" value=\"Send\" \/>\n<\/p><div class=\"wpcf7-response-output\" aria-hidden=\"true\"><\/div>\n<\/form>\n<\/div>\n<\/div>\n\t\t\t\t\t\t<\/div>\n\t\t\t\t<\/div>\n\t\t\t\t\t<\/div>\n\t\t\t\t<\/div>\n\t\t\t\t<\/div>\n\t\t","protected":false},"excerpt":{"rendered":"<p>+49 9281 82116-0 info@ah-logistik.de Whistleblowing In accordance to Hinweisgeberschutzgesetz \u2013 HinSchG gem\u00e4\u00df Hinweisgeberschutzgesetz \u2013 HinSchG Willkommen auf unserer Informationsplattform zum Hinweisgeberschutzgesetz (HinSchG). Dieses Gesetz, auch bekannt als Whistleblower-Schutzgesetz, wurde entwickelt, um Personen, die Hinweise auf Verst\u00f6\u00dfe gegen das Gesetz melden, angemessenen Schutz zu bieten. Als A+H GmbH legen wir gro\u00dfen Wert auf Integrit\u00e4t und die Einhaltung gesetzlicher Bestimmungen. Wir sch\u00e4tzen Hinweise als wichtigen Beitrag zur Aufrechterhaltung einer verantwortungsbewussten und rechtschaffenen Arbeitsumgebung. Wenn Sie Kenntnis von m\u00f6glichen Verst\u00f6\u00dfen haben, ermutigen wir Sie, diese Informationen gem\u00e4\u00df den Bestimmungen des Hinweisgeberschutzgesetzes zu melden. Information on how we handle your data Das Hinweisgeberschutzgesetz gew\u00e4hrt Hinweisgebern spezifische Rechte und Schutzma\u00dfnahmen, um ihre Identit\u00e4t zu wahren und vor m\u00f6glichen Repressalien zu sch\u00fctzen. Wir verpflichten uns, alle Hinweise vertraulich zu behandeln und sicherzustellen, dass keine Diskriminierung oder Vergeltungsma\u00dfnahmen gegen\u00fcber Hinweisgebern ergriffen werden. Alle gemeldeten Informationen werden gem\u00e4\u00df den geltenden Datenschutzbestimmungen verarbeitet und gesch\u00fctzt. Wir respektieren die Privatsph\u00e4re unserer Hinweisgeber und handeln im Einklang mit den gesetzlichen Anforderungen. Further information Sie k\u00f6nnen Hinweise hier per Mail melden:\u00a0hinweisgeber@ah-logistik.L\u00d6SCHEN.de Sie k\u00f6nnen das Formular benutzen um uns eine anonyme Nachricht zu schicken (siehe weiter unten) Sie k\u00f6nnen uns telefonisch erreichen unter: +49 9281 82116-70 Sie k\u00f6nnen unseren Briefkasten am A+H Tor nutzen. \u00a0 Contact person David Geier Eppenreuther Str. 12195032 Hof Phone: +49 9281 82116-70E-Mail:\u00a0hinweisgeber@ah-logistik.de Please feel free to write to us<\/p>\n","protected":false},"author":1,"featured_media":0,"parent":0,"menu_order":0,"comment_status":"closed","ping_status":"closed","template":"","meta":{"_acf_changed":false,"footnotes":""},"class_list":["post-1571","page","type-page","status-publish","hentry"],"acf":[],"_links":{"self":[{"href":"https:\/\/www.ah-logistik.de\/en\/wp-json\/wp\/v2\/pages\/1571","targetHints":{"allow":["GET"]}}],"collection":[{"href":"https:\/\/www.ah-logistik.de\/en\/wp-json\/wp\/v2\/pages"}],"about":[{"href":"https:\/\/www.ah-logistik.de\/en\/wp-json\/wp\/v2\/types\/page"}],"author":[{"embeddable":true,"href":"https:\/\/www.ah-logistik.de\/en\/wp-json\/wp\/v2\/users\/1"}],"replies":[{"embeddable":true,"href":"https:\/\/www.ah-logistik.de\/en\/wp-json\/wp\/v2\/comments?post=1571"}],"version-history":[{"count":7,"href":"https:\/\/www.ah-logistik.de\/en\/wp-json\/wp\/v2\/pages\/1571\/revisions"}],"predecessor-version":[{"id":1580,"href":"https:\/\/www.ah-logistik.de\/en\/wp-json\/wp\/v2\/pages\/1571\/revisions\/1580"}],"wp:attachment":[{"href":"https:\/\/www.ah-logistik.de\/en\/wp-json\/wp\/v2\/media?parent=1571"}],"curies":[{"name":"wp","href":"https:\/\/api.w.org\/{rel}","templated":true}]}}